{"id":2743,"date":"2024-04-08T09:28:26","date_gmt":"2024-04-08T09:28:26","guid":{"rendered":"http:\/\/clapat-themes.com\/wordpress\/montoya\/?page_id=2743"},"modified":"2025-12-20T15:53:05","modified_gmt":"2025-12-20T12:53:05","slug":"about","status":"publish","type":"page","link":"https:\/\/www.vestaspor.com\/?page_id=2743","title":{"rendered":"Hakk\u0131m\u0131zda"},"content":{"rendered":"\n<div class=\"wp-block-montoya-gutenberg-container content-row dark-section normal\" data-bgcolor=\"#0c0c0c\" style=\"text-align:left\">\n<div class=\"wp-block-montoya-gutenberg-clipped-image clipped-image-wrapper\"><div class=\"clipped-image-pin\"><div class=\"clipped-image\"><img decoding=\"async\" src=\"https:\/\/www.vestaspor.com\/wp-content\/uploads\/2025\/12\/vesta-fon-siyah.jpg\" alt=\"\"\/><div class=\"content-video-wrapper\"><video class=\"bgvid\" loop muted playsinline><source src=\"http:\/\/clapat.ro\/themes\/montoya\/images\/about.mp4\" type=\"video\/mp4\"\/><\/video><\/div><div class=\"clipped-image-gradient\"><\/div><\/div><\/div><div class=\"clipped-image-content content-full-width\"><\/div><\/div>\n<\/div>\n\n\n\n<div class=\"wp-block-montoya-gutenberg-container content-row dark-section normal\" data-bgcolor=\"#0c0c0c\" style=\"text-align:left\">\n<div class=\"wp-block-montoya-gutenberg-moving-thumbs-grid move-thumbs-wrapper\"><div class=\"start-thumbs-caption\"><h2 class=\"primary-font-title big-title has-mask-fil\">Recognitions<\/h2><p>OUR PRESTIGIOUS DESIGN AWARDS<\/p><\/div><div class=\"start-thumbs-wrapper\">\n<a href=\"https:\/\/www.vestaspor.com\/#\"><div class=\"start-move-thumb\"><div class=\"move-thumb-inner\"><div class=\"section-image\"><img decoding=\"async\" class=\"item-image\" src=\"https:\/\/www.vestaspor.com\/wp-content\/uploads\/2025\/12\/vesta-ozel-koleksiyon-tasarim-toplar-scaled.jpg\" alt=\"\" \/><\/div><\/div><\/div><\/a>\n\n\n\n<div class=\"start-move-thumb\"><div class=\"move-thumb-inner\"><div class=\"section-image\"><img decoding=\"async\" class=\"item-image\" src=\"https:\/\/www.vestaspor.com\/wp-content\/uploads\/2025\/12\/ozel-koleksiyon-esofman-scaled.jpg\" alt=\"\" \/><\/div><\/div><\/div>\n\n\n\n<div class=\"start-move-thumb\"><div class=\"move-thumb-inner\"><div class=\"section-image\"><img decoding=\"async\" class=\"item-image\" src=\"https:\/\/www.vestaspor.com\/wp-content\/uploads\/2025\/12\/ozel-koleksiyon-formalar-scaled.jpg\" alt=\"\" \/><\/div><\/div><\/div>\n\n\n\n<div class=\"start-move-thumb\"><div class=\"move-thumb-inner\"><div class=\"section-image\"><img decoding=\"async\" class=\"item-image\" src=\"https:\/\/www.vestaspor.com\/wp-content\/uploads\/2025\/12\/isbirliklerimiz-scaled.jpg\" alt=\"\" \/><\/div><\/div><\/div>\n<\/div><\/div>\n<\/div>\n\n\n\n<div class=\"wp-block-montoya-gutenberg-container content-row light-section normal row_padding_top row_padding_bottom change-header-color has-clip-path\" data-bgcolor=\"#ffffff\" style=\"text-align:left\">\n<div class=\"wp-block-columns pinned-section is-layout-flex wp-container-core-columns-is-layout-9d6595d7 wp-block-columns-is-layout-flex\">\n<div class=\"wp-block-column pinned-element left is-layout-flow wp-block-column-is-layout-flow\">\n<h2 class=\"wp-block-heading big-title primary-font-title no-margins\">Vesta \u00d6zel Koleksiyon<\/h2>\n<\/div>\n\n\n\n<div class=\"wp-block-column scrolling-element right is-layout-flow wp-block-column-is-layout-flow\">\n<dl class=\"wp-block-montoya-gutenberg-accordion accordion small-acc\">\n<dt><span class=\"link\">Vesta Space<\/span><div class=\"acc-icon-wrap parallax-wrap\"><div class=\"acc-button-icon parallax-element\"><i class=\"fa fa-arrow-right\"><\/i><\/div><\/div><\/dt><dd class=\"accordion-content\">Uzaydan ilham alan tasar\u0131m\u0131 ve \u00fcst\u00fcn performans\u0131yla spor deneyiminizi bir \u00fcst seviyeye ta\u015f\u0131y\u0131n. Space Serisi, geli\u015fmi\u015f aerodinamik yap\u0131s\u0131yla m\u00fckemmel top kontrol\u00fc ve uzun mesafelerde bile y\u00fcksek hassasiyet sunar. <\/dd>\n\n\n\n<dt><span class=\"link\">Vesta Ocean<\/span><div class=\"acc-icon-wrap parallax-wrap\"><div class=\"acc-button-icon parallax-element\"><i class=\"fa fa-arrow-right\"><\/i><\/div><\/div><\/dt><dd class=\"accordion-content\">Okyanuslar\u0131n g\u00fcc\u00fcn\u00fc sahaya ta\u015f\u0131d\u0131k!\nVesta Ocean Serisi, dalgalardan ilham alan \u015f\u0131k tasar\u0131m\u0131 ve \u00fcst\u00fcn performans \u00f6zellikleriyle dikkat \u00e7ekiyor. \u00d6zel diki\u015f yap\u0131s\u0131 ve dayan\u0131kl\u0131 malzemesiyle her zeminde m\u00fckemmel kontrol sa\u011flar.<\/dd>\n\n\n\n<dt><span class=\"link\">Vesta Rota<\/span><div class=\"acc-icon-wrap parallax-wrap\"><div class=\"acc-button-icon parallax-element\"><i class=\"fa fa-arrow-right\"><\/i><\/div><\/div><\/dt><dd class=\"accordion-content\">Yola \u00c7\u0131kmaya Haz\u0131r Olun!\nHer sporcunun kendine \u00f6zg\u00fc bir rotas\u0131 vard\u0131r, ve Vesta Rota Serisi bu yolculu\u011fa e\u015flik etmek i\u00e7in tasarland\u0131. Hem futbol hem de voleybol i\u00e7in \u00f6zel olarak geli\u015ftirilen Rota Serisi, dayan\u0131kl\u0131l\u0131\u011f\u0131, kontrol kolayl\u0131\u011f\u0131 ve modern tasar\u0131m\u0131yla sahada performans\u0131n\u0131z\u0131 y\u00fckseltir.<\/dd>\n\n\n\n<dt><span class=\"link\">Vesta Uefa<\/span><div class=\"acc-icon-wrap parallax-wrap\"><div class=\"acc-button-icon parallax-element\"><i class=\"fa fa-arrow-right\"><\/i><\/div><\/div><\/dt><dd class=\"accordion-content\">Oyununa y\u00f6n ver! \nVesta Uefa Futbol Topu, \u00f6zel tasar\u0131m\u0131yla saha performans\u0131n\u0131 art\u0131rmak i\u00e7in geli\u015ftirildi. Optimize edilmi\u015f diki\u015f yap\u0131s\u0131 ve aerodinamik y\u00fczeyiyle her \u015futta maksimum h\u0131z ve hassasiyet sa\u011flar.<\/dd>\n\n\n\n<dt><span class=\"link\">Vesta G\u00f6ky\u00fcz\u00fc<\/span><div class=\"acc-icon-wrap parallax-wrap\"><div class=\"acc-button-icon parallax-element\"><i class=\"fa fa-arrow-right\"><\/i><\/div><\/div><\/dt><dd class=\"accordion-content\">Vesta&#8217;n\u0131n G\u00f6ky\u00fcz\u00fc Serisi futbol topu, performans ve tasar\u0131m\u0131 m\u00fckemmel bir \u015fekilde birle\u015ftirerek futbol oyununu bir \u00fcst seviyeye ta\u015f\u0131yor. Modern spor teknolojisiyle \u00fcretilmi\u015f bu top, hem amat\u00f6r hem de profesyonel futbolcular i\u00e7in ideal bir se\u00e7imdir.<\/dd>\n\n\n\n<dt><span class=\"link\">Vesta Termo<\/span><div class=\"acc-icon-wrap parallax-wrap\"><div class=\"acc-button-icon parallax-element\"><i class=\"fa fa-arrow-right\"><\/i><\/div><\/div><\/dt><dd class=\"accordion-content\">Dayan\u0131kl\u0131 materyalleri sayesinde uzun s\u00fcreli kullan\u0131m sunar. Termo  Futbol Topu ile hedefiniz her zaman bir ad\u0131m \u00f6nde olacak!<\/dd>\n<\/dl>\n<\/div>\n<\/div>\n<\/div>\n\n\n\n<div class=\"wp-block-montoya-gutenberg-container content-row light-section normal row_padding_top row_padding_bottom change-header-color has-clip-path\" data-bgcolor=\"#ffffff\" style=\"text-align:left\">\n<div class=\"wp-block-columns pinned-section is-layout-flex wp-container-core-columns-is-layout-9d6595d7 wp-block-columns-is-layout-flex\">\n<div class=\"wp-block-column pinned-element left is-layout-flow wp-block-column-is-layout-flow\">\n<h2 class=\"wp-block-heading big-title primary-font-title no-margins\">Vesta x \u0130\u015fbirlikleri<\/h2>\n<\/div>\n\n\n\n<div class=\"wp-block-column scrolling-element right is-layout-flow wp-block-column-is-layout-flow\">\n<dl class=\"wp-block-montoya-gutenberg-accordion accordion small-acc\">\n<dt><span class=\"link\">Esenler Belediyesi<\/span><div class=\"acc-icon-wrap parallax-wrap\"><div class=\"acc-button-icon parallax-element\"><i class=\"fa fa-arrow-right\"><\/i><\/div><\/div><\/dt><dd class=\"accordion-content\">  Vesta olarak misyonumuz, sporu ula\u015f\u0131labilir k\u0131lmak ve her ya\u015f grubuna hareketin g\u00fcc\u00fcn\u00fc hissettirecek kaliteli \u00fcr\u00fcnler sunmak. \n   Esenler Belediyesi\u2019nin vizyonu ise sporu bir ya\u015fam bi\u00e7imi haline getirerek sa\u011fl\u0131kl\u0131 bireyler yeti\u015ftirmek ve il\u00e7edeki gen\u00e7lere spor yapabilecekleri g\u00fcvenli alanlar sunmak.\nBu ortak projede sadece \u00fcr\u00fcn \u00fcretmedik; ayn\u0131 zamanda ortak de\u011ferleri payla\u015fan bir vizyonun da alt\u0131n\u0131 \u00e7izdik. Vesta x Esenler Belediyesi i\u015f birli\u011fiyle \u00fcretilen toplar, sadece birer spor ekipman\u0131 de\u011fil, ayn\u0131 zamanda birlikte \u00fcretmenin, payla\u015fman\u0131n ve geli\u015fmenin simgesi.<\/dd>\n\n\n\n<dt><span class=\"link\">Gaziosmanpa\u015fa Belediyesi<\/span><div class=\"acc-icon-wrap parallax-wrap\"><div class=\"acc-button-icon parallax-element\"><i class=\"fa fa-arrow-right\"><\/i><\/div><\/div><\/dt><dd class=\"accordion-content\">   Vesta&#8217;n\u0131n misyonu, her bireyin sporla bulu\u015fabilece\u011fi kaliteli, ula\u015f\u0131labilir ve \u00f6zg\u00fcn \u00fcr\u00fcnler \u00fcretmek. \n   Gaziosmanpa\u015fa Belediyesi\u2019nin vizyonu ise gen\u00e7leri fiziksel ve sosyal y\u00f6nden destekleyen projelerle, sa\u011fl\u0131kl\u0131 nesiller yeti\u015fmesine katk\u0131 sa\u011flamak.\nOrtak de\u011ferlerimiz do\u011frultusunda y\u00fcr\u00fctt\u00fc\u011f\u00fcm\u00fcz bu \u00fcretim s\u00fcreciyle, Gaziosmanpa\u015fa Belediyesi logosunu ta\u015f\u0131yan toplar art\u0131k sahalarda! <\/dd>\n\n\n\n<dt><span class=\"link\">Ba\u011fc\u0131lar Belediyesi<\/span><div class=\"acc-icon-wrap parallax-wrap\"><div class=\"acc-button-icon parallax-element\"><i class=\"fa fa-arrow-right\"><\/i><\/div><\/div><\/dt><dd class=\"accordion-content\">   Vesta olarak sporu sadece fiziksel aktivite de\u011fil, ayn\u0131 zamanda birle\u015ftirici, d\u00f6n\u00fc\u015ft\u00fcr\u00fcc\u00fc ve ilham verici bir ara\u00e7 olarak g\u00f6r\u00fcyoruz. Bu anlay\u0131\u015fla, Ba\u011fc\u0131lar Belediyesi ile ger\u00e7ekle\u015ftirdi\u011fimiz \u00f6zel i\u015f birli\u011finde, il\u00e7enin dinamizmini ve gen\u00e7 n\u00fcfusunun enerjisini yans\u0131tan \u00f6zel tasar\u0131m futbol ve voleybol toplar\u0131 \u00fcrettik.\n    Ba\u011fc\u0131lar\u2019\u0131n \u00e7ok k\u00fclt\u00fcrl\u00fc yap\u0131s\u0131ndan, sporun mahalle ruhunu canland\u0131rmadaki g\u00fcc\u00fcnden ilham alarak haz\u0131rlanan bu \u00fcr\u00fcnler, yaln\u0131zca sahalarda kullan\u0131lmakla kalmay\u0131p ayn\u0131 zamanda gen\u00e7lere ilham veren, yerel kimli\u011fi g\u00fc\u00e7lendiren tasar\u0131mlar olarak \u00f6ne \u00e7\u0131kt\u0131.<\/dd>\n\n\n\n<dt><span class=\"link\">Konya Bsk<\/span><div class=\"acc-icon-wrap parallax-wrap\"><div class=\"acc-button-icon parallax-element\"><i class=\"fa fa-arrow-right\"><\/i><\/div><\/div><\/dt><dd class=\"accordion-content\">Konya B\u00fcy\u00fck\u015fehir Belediyesi ise sporu gen\u00e7lerin geli\u015fimini destekleyen, sosyal ya\u015famla b\u00fct\u00fcnle\u015fen bir ara\u00e7 olarak g\u00f6r\u00fcyor. Yerel ve ulusal d\u00fczeyde sporun yayg\u0131nla\u015ft\u0131r\u0131lmas\u0131, spor altyap\u0131s\u0131n\u0131n g\u00fc\u00e7lendirilmesi ve gen\u00e7lere sa\u011fl\u0131kl\u0131 ya\u015fam al\u0131\u015fkanl\u0131klar\u0131n\u0131n kazand\u0131r\u0131lmas\u0131 bu vizyonun temel ta\u015flar\u0131 aras\u0131nda.\nBu ortak de\u011ferlerle tasarlanan spor toplar\u0131, hem sahalarda hem gen\u00e7lerin motivasyonunda yer buluyor. Vesta ve Konya B\u015eB i\u015f birli\u011fi, sporu bir kent kimli\u011fi haline getiren \u00f6rnek bir proje olarak \u00f6ne \u00e7\u0131k\u0131yor.<\/dd>\n\n\n\n<dt><span class=\"link\">Bayburt B\u00fcy\u00fck\u015fehir Belediyesi-Valilik<\/span><div class=\"acc-icon-wrap parallax-wrap\"><div class=\"acc-button-icon parallax-element\"><i class=\"fa fa-arrow-right\"><\/i><\/div><\/div><\/dt><dd class=\"accordion-content\">Bayburt\u2019un tarih\u00ee dokusunu, sadeli\u011fini ve dayan\u0131kl\u0131l\u0131\u011f\u0131n\u0131 yans\u0131tan bu \u00fcr\u00fcnler, yaln\u0131zca birer spor ekipman\u0131 de\u011fil; ayn\u0131 zamanda \u015fehre ait aidiyet duygusunu g\u00fc\u00e7lendiren \u00f6zel par\u00e7alar olarak sahalarda yerini ald\u0131.\n    Bayburt Belediyesi ise gen\u00e7lerin spora y\u00f6nelmesini destekleyen, k\u00fclt\u00fcrel de\u011ferlerini sporla birle\u015ftiren yakla\u015f\u0131mlar\u0131yla bu projede yer ald\u0131. Gen\u00e7leri spora te\u015fvik eden, fiziksel ve ruhsal geli\u015fimlerini \u00f6nemseyen bu yakla\u015f\u0131m, Vesta\u2019n\u0131n hedefleriyle \u00f6rt\u00fc\u015ferek g\u00fc\u00e7l\u00fc bir sinerji yaratt\u0131.<\/dd>\n<\/dl>\n<\/div>\n<\/div>\n<\/div>\n","protected":false},"excerpt":{"rendered":"","protected":false},"author":1,"featured_media":0,"parent":0,"menu_order":0,"comment_status":"closed","ping_status":"closed","template":"","meta":{"footnotes":""},"class_list":["post-2743","page","type-page","status-publish","hentry"],"_links":{"self":[{"href":"https:\/\/www.vestaspor.com\/index.php?rest_route=\/wp\/v2\/pages\/2743","targetHints":{"allow":["GET"]}}],"collection":[{"href":"https:\/\/www.vestaspor.com\/index.php?rest_route=\/wp\/v2\/pages"}],"about":[{"href":"https:\/\/www.vestaspor.com\/index.php?rest_route=\/wp\/v2\/types\/page"}],"author":[{"embeddable":true,"href":"https:\/\/www.vestaspor.com\/index.php?rest_route=\/wp\/v2\/users\/1"}],"replies":[{"embeddable":true,"href":"https:\/\/www.vestaspor.com\/index.php?rest_route=%2Fwp%2Fv2%2Fcomments&post=2743"}],"version-history":[{"count":10,"href":"https:\/\/www.vestaspor.com\/index.php?rest_route=\/wp\/v2\/pages\/2743\/revisions"}],"predecessor-version":[{"id":3293,"href":"https:\/\/www.vestaspor.com\/index.php?rest_route=\/wp\/v2\/pages\/2743\/revisions\/3293"}],"wp:attachment":[{"href":"https:\/\/www.vestaspor.com\/index.php?rest_route=%2Fwp%2Fv2%2Fmedia&parent=2743"}],"curies":[{"name":"wp","href":"https:\/\/api.w.org\/{rel}","templated":true}]}}