{"id":2731,"date":"2024-04-08T09:05:04","date_gmt":"2024-04-08T09:05:04","guid":{"rendered":"http:\/\/clapat-themes.com\/wordpress\/montoya\/?page_id=2731"},"modified":"2025-12-16T22:36:40","modified_gmt":"2025-12-16T19:36:40","slug":"overlapping-gallery","status":"publish","type":"page","link":"https:\/\/www.vestaspor.com\/","title":{"rendered":"Vesta \u00d6zel Koleksiyon"},"content":{"rendered":"\n<div class=\"wp-block-montoya-gutenberg-container content-row dark-section full row_padding_left row_padding_right\" data-bgcolor=\"#0c0c0c\" style=\"text-align:left\">\n<!-- Showcase List Holder --><div id=\"itemsWrapperLinks\"><!-- Showcase List --><div id=\"itemsWrapper\" class=\"webgl-fitthumbs fx-one\"><!-- Overlapping Gallery --><div class=\"overlapping-gallery\"><div class=\"overlapping-image\"><div class=\"overlapping-image-inner trigger-item\" data-centerLine=\"A\u00c7\"><div class=\"img-mask\"><a class=\"slide-link\" data-type=\"page-transition\" href=\"https:\/\/www.vestaspor.com\/?montoya_portfolio=white-liners\"><\/a><div class=\"section-image trigger-item-link\"><img decoding=\"async\" src=\"https:\/\/www.vestaspor.com\/wp-content\/uploads\/2025\/12\/vesta-poster-kopyasi.jpg\" class=\"item-image grid__item-img\" alt=\"\"><img decoding=\"async\" class=\"grid__item-img grid__item-img--large\" src=\"https:\/\/www.vestaspor.com\/wp-content\/uploads\/2025\/12\/vesta-poster-kopyasi.jpg\" alt=\"\" \/><\/div><\/div><div class=\"slide-caption trigger-item-link-secondary\"><div class=\"slide-title primary-font-title\"><span>Vesta Space<\/span><\/div><div class=\"slide-date\"><span>2024<\/span><\/div><div class=\"slide-cat\"><span>Design<\/span><\/div><\/div><\/div><\/div><div class=\"overlapping-image\"><div class=\"overlapping-image-inner trigger-item\" data-centerLine=\"A\u00c7\"><div class=\"img-mask\"><a class=\"slide-link\" data-type=\"page-transition\" href=\"https:\/\/www.vestaspor.com\/?montoya_portfolio=green-audio\"><\/a><div class=\"section-image trigger-item-link\"><img decoding=\"async\" src=\"https:\/\/www.vestaspor.com\/wp-content\/uploads\/2024\/03\/2-Vesta-Ocean-poster.jpg\" class=\"item-image grid__item-img\" alt=\"\"><img decoding=\"async\" class=\"grid__item-img grid__item-img--large\" src=\"https:\/\/www.vestaspor.com\/wp-content\/uploads\/2024\/03\/2-Vesta-Ocean-poster.jpg\" alt=\"\" \/><\/div><\/div><div class=\"slide-caption trigger-item-link-secondary\"><div class=\"slide-title primary-font-title\"><span>Vesta Ocean<\/span><\/div><div class=\"slide-date\"><span>2024<\/span><\/div><div class=\"slide-cat\"><span>Design<\/span><\/div><\/div><\/div><\/div><div class=\"overlapping-image\"><div class=\"overlapping-image-inner trigger-item\" data-centerLine=\"A\u00c7\"><div class=\"img-mask\"><a class=\"slide-link\" data-type=\"page-transition\" href=\"https:\/\/www.vestaspor.com\/?montoya_portfolio=nanotech\"><\/a><div class=\"section-image trigger-item-link\"><img decoding=\"async\" src=\"https:\/\/www.vestaspor.com\/wp-content\/uploads\/2024\/03\/3-Vesta-rota-poster.jpg\" class=\"item-image grid__item-img\" alt=\"\"><img decoding=\"async\" class=\"grid__item-img grid__item-img--large\" src=\"https:\/\/www.vestaspor.com\/wp-content\/uploads\/2024\/03\/3-Vesta-rota-poster.jpg\" alt=\"\" \/><\/div><\/div><div class=\"slide-caption trigger-item-link-secondary\"><div class=\"slide-title primary-font-title\"><span>Vesta Rota<\/span><\/div><div class=\"slide-date\"><span>2024<\/span><\/div><div class=\"slide-cat\"><span>Design<\/span><\/div><\/div><\/div><\/div><div class=\"overlapping-image\"><div class=\"overlapping-image-inner trigger-item\" data-centerLine=\"A\u00c7\"><div class=\"img-mask\"><a class=\"slide-link\" data-type=\"page-transition\" href=\"https:\/\/www.vestaspor.com\/?montoya_portfolio=cool-dude\"><\/a><div class=\"section-image trigger-item-link\"><img decoding=\"async\" src=\"https:\/\/www.vestaspor.com\/wp-content\/uploads\/2024\/03\/Vesta-Uefa-fonlu-_.jpg\" class=\"item-image grid__item-img\" alt=\"\"><div class=\"hero-video-wrapper\"><video loop muted class=\"bgvid\"><source src=\"http:\/\/clapat.ro\/themes\/montoya\/images\/04hero.mp4\" type=\"video\/mp4\"><\/video><\/div><img decoding=\"async\" class=\"grid__item-img grid__item-img--large\" src=\"https:\/\/www.vestaspor.com\/wp-content\/uploads\/2024\/03\/Vesta-Uefa-fonlu-_.jpg\" alt=\"\" \/><\/div><\/div><div class=\"slide-caption trigger-item-link-secondary\"><div class=\"slide-title primary-font-title\"><span>Vesta Uefa<\/span><\/div><div class=\"slide-date\"><span>2024<\/span><\/div><div class=\"slide-cat\"><span>Design<\/span><\/div><\/div><\/div><\/div><div class=\"overlapping-image\"><div class=\"overlapping-image-inner trigger-item\" data-centerLine=\"A\u00c7\"><div class=\"img-mask\"><a class=\"slide-link\" data-type=\"page-transition\" href=\"https:\/\/www.vestaspor.com\/?montoya_portfolio=sphere-digital\"><\/a><div class=\"section-image trigger-item-link\"><img decoding=\"async\" src=\"https:\/\/www.vestaspor.com\/wp-content\/uploads\/2024\/03\/5-Vesta-Gokyuzu-Poster-fonlu.png\" class=\"item-image grid__item-img\" alt=\"\"><img decoding=\"async\" class=\"grid__item-img grid__item-img--large\" src=\"https:\/\/www.vestaspor.com\/wp-content\/uploads\/2024\/03\/5-Vesta-Gokyuzu-Poster-fonlu.png\" alt=\"\" \/><\/div><\/div><div class=\"slide-caption trigger-item-link-secondary\"><div class=\"slide-title primary-font-title\"><span>Vesta G\u00f6ky\u00fcz\u00fc<\/span><\/div><div class=\"slide-date\"><span>2024<\/span><\/div><div class=\"slide-cat\"><span>Design<\/span><\/div><\/div><\/div><\/div><\/div><!--\/Overlapping Gallery--><\/div><!--\/Showcase List--><\/div><!--\/Showcase List Holder-->\n<\/div>\n\n\n\n<div class=\"wp-block-montoya-gutenberg-container content-row dark-section normal\" data-bgcolor=\"#0c0c0c\" style=\"text-align:left\">\n<div style=\"height:40px\" aria-hidden=\"true\" class=\"wp-block-spacer\"><\/div>\n\n\n\n<p class=\"has-text-align-center\">Tasar\u0131m ve Enerjinin Birle\u015fti\u011fi Yer, Vesta Spor.<\/p>\n\n\n\n<div class=\"button-box has-animation text-align-center fadeout-element\" data-delay=\"250\"><div class=\"clapat-button-wrap parallax-wrap hide-ball\"><div class=\"clapat-button parallax-element\"><div class=\"button-border parallax-element-second outline rounded  text-align-center fadeout-element\"><a class=\" ajax-link animation-link\" href=\"clapat-themes.com\/wordpress\/montoya\/parallax-gallery\/\" data-type=\"page-transition\" target=\"_self\"><span data-hover=\"T\u00fcm \u00c7al\u0131\u015fmalar\u0131 G\u00f6r\">T\u00fcm \u00c7al\u0131\u015fmalar\u0131 G\u00f6r<\/span><\/a><\/div><\/div><\/div><\/div>\n<\/div>\n\n\n\n<div class=\"wp-block-montoya-gutenberg-container content-row dark-section full row_padding_left row_padding_right\" data-bgcolor=\"#0c0c0c\" style=\"text-align:left\">\n<div class=\"wp-block-montoya-gutenberg-list-rotator list-rotator-wrapper\"><div class=\"list-rotator-title\">Vesta Space<\/div><div class=\"list-rotator-pin\"><ul class=\"list-rotator primary-font-title\">\n<li class=\"wp-block-montoya-gutenberg-list-rotator-item\">Vesta Ocean<\/li>\n\n\n\n<li class=\"wp-block-montoya-gutenberg-list-rotator-item\">Vesta Rota<\/li>\n\n\n\n<li class=\"wp-block-montoya-gutenberg-list-rotator-item\">Vesta Uefa<\/li>\n\n\n\n<li class=\"wp-block-montoya-gutenberg-list-rotator-item\">Vesta G\u00f6ky\u00fcz\u00fc<\/li>\n\n\n\n<li class=\"wp-block-montoya-gutenberg-list-rotator-item\">Vesta Termo<\/li>\n<\/ul><\/div><\/div>\n<\/div>\n\n\n\n<div class=\"wp-block-montoya-gutenberg-container content-row dark-section normal\" data-bgcolor=\"#0c0c0c\" style=\"text-align:center\">\n<div class=\"wp-block-columns is-layout-flex wp-container-core-columns-is-layout-9d6595d7 wp-block-columns-is-layout-flex\">\n<div class=\"wp-block-column is-layout-flow wp-block-column-is-layout-flow\">\n<div class=\"box-icon-wrapper block-boxes text-align-center\"><div class=\"box-icon\"><i class=\"fa fa-paper-plane fa-2x fa-2x\" aria-hidden=\"true\"><\/i><\/div><div class=\"box-icon-content\"><h6 class=\"no-margins\">info@vestaspor.com<\/h6><p>Email<\/p><\/div><\/div>\n<\/div>\n\n\n\n<div class=\"wp-block-column is-layout-flow wp-block-column-is-layout-flow\">\n<div class=\"box-icon-wrapper block-boxes text-align-center\"><div class=\"box-icon\"><i class=\"fa fa-map-marker fa-2x fa-2x\" aria-hidden=\"true\"><\/i><\/div><div class=\"box-icon-content\"><h6 class=\"no-margins\">Oru\u00e7reis Mah. Tekstilkent Cad. A 13 Blok No.50<\/h6><p>Adres<\/p><\/div><\/div>\n<\/div>\n\n\n\n<div class=\"wp-block-column is-layout-flow wp-block-column-is-layout-flow\">\n<div class=\"box-icon-wrapper block-boxes text-align-center\"><div class=\"box-icon\"><i class=\"fa fa-phone fa-2x fa-2x\" aria-hidden=\"true\"><\/i><\/div><div class=\"box-icon-content\"><h6 class=\"no-margins\">0 (530) 733-8961<\/h6><p>Tel<\/p><\/div><\/div>\n<\/div>\n<\/div>\n<\/div>\n","protected":false},"excerpt":{"rendered":"","protected":false},"author":1,"featured_media":0,"parent":0,"menu_order":0,"comment_status":"closed","ping_status":"closed","template":"","meta":{"footnotes":""},"class_list":["post-2731","page","type-page","status-publish","hentry"],"_links":{"self":[{"href":"https:\/\/www.vestaspor.com\/index.php?rest_route=\/wp\/v2\/pages\/2731","targetHints":{"allow":["GET"]}}],"collection":[{"href":"https:\/\/www.vestaspor.com\/index.php?rest_route=\/wp\/v2\/pages"}],"about":[{"href":"https:\/\/www.vestaspor.com\/index.php?rest_route=\/wp\/v2\/types\/page"}],"author":[{"embeddable":true,"href":"https:\/\/www.vestaspor.com\/index.php?rest_route=\/wp\/v2\/users\/1"}],"replies":[{"embeddable":true,"href":"https:\/\/www.vestaspor.com\/index.php?rest_route=%2Fwp%2Fv2%2Fcomments&post=2731"}],"version-history":[{"count":4,"href":"https:\/\/www.vestaspor.com\/index.php?rest_route=\/wp\/v2\/pages\/2731\/revisions"}],"predecessor-version":[{"id":3338,"href":"https:\/\/www.vestaspor.com\/index.php?rest_route=\/wp\/v2\/pages\/2731\/revisions\/3338"}],"wp:attachment":[{"href":"https:\/\/www.vestaspor.com\/index.php?rest_route=%2Fwp%2Fv2%2Fmedia&parent=2731"}],"curies":[{"name":"wp","href":"https:\/\/api.w.org\/{rel}","templated":true}]}}